{"id":2453,"date":"2016-02-07T10:05:39","date_gmt":"2016-02-07T09:05:39","guid":{"rendered":"https:\/\/dpoweb.online\/landing\/contatti\/"},"modified":"2023-07-27T10:38:56","modified_gmt":"2023-07-27T08:38:56","slug":"contatti","status":"publish","type":"page","link":"https:\/\/dpoweb.online\/landing\/contatti\/","title":{"rendered":"Contatti"},"content":{"rendered":"<p>[vc_row equal_height=&#8221;yes&#8221; content_placement=&#8221;top&#8221; type=&#8221;vc_default&#8221; margin_top=&#8221;5&#8243; margin_bottom=&#8221;10&#8243; css=&#8221;.vc_custom_1529513148816{padding-top: 70px !important;padding-bottom: 30px !important;}&#8221;][vc_column offset=&#8221;vc_col-lg-offset-0 vc_col-lg-12 vc_col-md-offset-0 vc_col-md-12&#8243;]<div id=\"ultimate-heading-656169e0a0fbdb35b\" class=\"uvc-heading ult-adjust-bottom-margin ultimate-heading-656169e0a0fbdb35b uvc-8988 accent-border-color\" data-hspacer=\"line_only\"  data-halign=\"center\" style=\"text-align:center\"><div class=\"uvc-main-heading ult-responsive\"  data-ultimate-target='.uvc-heading.ultimate-heading-656169e0a0fbdb35b h2'  data-responsive-json-new='{\"font-size\":\"desktop:44px;tablet_portrait:30px;\",\"line-height\":\"desktop:54px;tablet_portrait:40px;\"}' ><h2 style=\"font-weight:bold;margin-bottom:10px;\">Siamo qui per rispondere alle tue domande!<\/h2><\/div><div class=\"uvc-heading-spacer line_only\" style=\"margin-bottom:40px;height:5px;\"><span class=\"uvc-headings-line\" style=\"border-style:solid;border-bottom-width:5px;border-color:;width:120px;\"><\/span><\/div><\/div>[\/vc_column][vc_column][vc_row_inner equal_height=&#8221;yes&#8221; content_placement=&#8221;top&#8221;][vc_column_inner width=&#8221;1\/2&#8243; css=&#8221;.vc_custom_1491746397816{padding-bottom: 50px !important;}&#8221;][vc_column_text css=&#8221;.vc_custom_1647418574621{padding-bottom: 20px !important;}&#8221;]<\/p>\n<p style=\"text-align: center;\"><strong>DPOWeb \u00e8 una soluzione di ITISWEB srl <\/strong>.<\/p>\n<p style=\"text-align: center;\">Per le Pubbliche Amministrazioni<br \/>\nDPOWeb \u00e8 distribuito in esclusiva da DASEIN s.r.l.<br \/>\nsociet\u00e0 del GRUPPO EXACTA S.p.A<\/p>\n<p style=\"text-align: center;\">Contattaci per saperne di pi\u00f9.<\/p>\n<p>[\/vc_column_text][\/vc_column_inner][vc_column_inner width=&#8221;1\/2&#8243; css=&#8221;.vc_custom_1491746388981{padding-bottom: 50px !important;}&#8221;]\n<div class=\"wpcf7 no-js\" id=\"wpcf7-f2532-o1\" lang=\"it-IT\" dir=\"ltr\">\n<div class=\"screen-reader-response\"><p role=\"status\" aria-live=\"polite\" aria-atomic=\"true\"><\/p> <ul><\/ul><\/div>\n<form action=\"\/landing\/wp-json\/wp\/v2\/pages\/2453#wpcf7-f2532-o1\" method=\"post\" class=\"wpcf7-form init\" aria-label=\"Modulo di contatto\" novalidate=\"novalidate\" data-status=\"init\">\n<div style=\"display: none;\">\n<input type=\"hidden\" name=\"_wpcf7\" value=\"2532\" \/>\n<input type=\"hidden\" name=\"_wpcf7_version\" value=\"5.7.7\" \/>\n<input type=\"hidden\" name=\"_wpcf7_locale\" value=\"it_IT\" \/>\n<input type=\"hidden\" name=\"_wpcf7_unit_tag\" value=\"wpcf7-f2532-o1\" \/>\n<input type=\"hidden\" name=\"_wpcf7_container_post\" value=\"0\" \/>\n<input type=\"hidden\" name=\"_wpcf7_posted_data_hash\" value=\"\" \/>\n<input type=\"hidden\" name=\"_wpcf7_recaptcha_response\" value=\"\" \/>\n<\/div>\n<p><label> Nome e Cognome*<br \/>\n<span class=\"wpcf7-form-control-wrap\" data-name=\"your-name\"><input size=\"40\" class=\"wpcf7-form-control wpcf7-text wpcf7-validates-as-required\" autocomplete=\"name\" aria-required=\"true\" aria-invalid=\"false\" value=\"\" type=\"text\" name=\"your-name\" \/><\/span> <\/label>\n<\/p>\n<p><label> Email*<br \/>\n<span class=\"wpcf7-form-control-wrap\" data-name=\"your-email\"><input size=\"40\" class=\"wpcf7-form-control wpcf7-text wpcf7-email wpcf7-validates-as-required wpcf7-validates-as-email\" autocomplete=\"email\" aria-required=\"true\" aria-invalid=\"false\" value=\"\" type=\"email\" name=\"your-email\" \/><\/span> <\/label>\n<\/p>\n<p><label> Scrivici la tua richiesta<br \/>\n<span class=\"wpcf7-form-control-wrap\" data-name=\"your-message\"><textarea cols=\"40\" rows=\"10\" class=\"wpcf7-form-control wpcf7-textarea\" aria-invalid=\"false\" name=\"your-message\"><\/textarea><\/span> <\/label>\n<\/p>\n<p><span class=\"wpcf7-form-control-wrap\" data-name=\"acceptance-643\"><span class=\"wpcf7-form-control wpcf7-acceptance\"><span class=\"wpcf7-list-item\"><label><input type=\"checkbox\" name=\"acceptance-643\" value=\"1\" aria-invalid=\"false\" \/><span class=\"wpcf7-list-item-label\">Acconsento al trattamento dei dati personali secondo quanto indicato nell'<a href=https:\/\/dpoweb.online\/landing\/privacy-policy\/>informativa sulla privacy<\/a> *<\/span><\/label><\/span><\/span><\/span>\n<\/p>\n<p><input class=\"wpcf7-form-control has-spinner wpcf7-submit\" type=\"submit\" value=\"Invia\" \/>\n<\/p><div class=\"wpcf7-response-output\" aria-hidden=\"true\"><\/div>\n<\/form>\n<\/div>\n[\/vc_column_inner][\/vc_row_inner][\/vc_column][\/vc_row]<\/p>\n","protected":false},"excerpt":{"rendered":"<p>[vc_row equal_height=&#8221;yes&#8221; content_placement=&#8221;top&#8221; type=&#8221;vc_default&#8221; margin_top=&#8221;5&#8243; margin_bottom=&#8221;10&#8243; css=&#8221;.vc_custom_1529513148816{padding-top: 70px !important;padding-bottom: 30px !important;}&#8221;][vc_column offset=&#8221;vc_col-lg-offset-0 vc_col-lg-12 vc_col-md-offset-0 vc_col-md-12&#8243;][\/vc_column][vc_column][vc_row_inner equal_height=&#8221;yes&#8221; content_placement=&#8221;top&#8221;][vc_column_inner width=&#8221;1\/2&#8243; css=&#8221;.vc_custom_1491746397816{padding-bottom: 50px !important;}&#8221;][vc_column_text css=&#8221;.vc_custom_1647418574621{padding-bottom: 20px !important;}&#8221;] DPOWeb \u00e8 una soluzione di ITISWEB srl . Per le Pubbliche Amministrazioni DPOWeb \u00e8 distribuito in esclusiva da DASEIN s.r.l. societ\u00e0 del GRUPPO EXACTA S.p.A Contattaci per saperne di pi\u00f9. [\/vc_column_text][\/vc_column_inner][vc_column_inner&hellip;<\/p>\n","protected":false},"author":1,"featured_media":0,"parent":0,"menu_order":50,"comment_status":"closed","ping_status":"closed","template":"","meta":{"footnotes":""},"class_list":["post-2453","page","type-page","status-publish","hentry","description-off"],"_links":{"self":[{"href":"https:\/\/dpoweb.online\/landing\/wp-json\/wp\/v2\/pages\/2453","targetHints":{"allow":["GET"]}}],"collection":[{"href":"https:\/\/dpoweb.online\/landing\/wp-json\/wp\/v2\/pages"}],"about":[{"href":"https:\/\/dpoweb.online\/landing\/wp-json\/wp\/v2\/types\/page"}],"author":[{"embeddable":true,"href":"https:\/\/dpoweb.online\/landing\/wp-json\/wp\/v2\/users\/1"}],"replies":[{"embeddable":true,"href":"https:\/\/dpoweb.online\/landing\/wp-json\/wp\/v2\/comments?post=2453"}],"version-history":[{"count":6,"href":"https:\/\/dpoweb.online\/landing\/wp-json\/wp\/v2\/pages\/2453\/revisions"}],"predecessor-version":[{"id":2533,"href":"https:\/\/dpoweb.online\/landing\/wp-json\/wp\/v2\/pages\/2453\/revisions\/2533"}],"wp:attachment":[{"href":"https:\/\/dpoweb.online\/landing\/wp-json\/wp\/v2\/media?parent=2453"}],"curies":[{"name":"wp","href":"https:\/\/api.w.org\/{rel}","templated":true}]}}